{"id":8016,"date":"2024-11-15T16:02:05","date_gmt":"2024-11-15T16:02:06","guid":{"rendered":"https:\/\/maisonfetiche.com\/?post_type=product&#038;p=8016"},"modified":"2024-11-19T17:09:26","modified_gmt":"2024-11-19T17:09:26","slug":"yellow-soft-wax-knotted-fetish-pure-silk-twill-bracelet-copie-2","status":"publish","type":"product","link":"https:\/\/maisonfetiche.com\/en\/produit\/yellow-soft-wax-knotted-fetish-pure-silk-twill-bracelet-copie-2\/","title":{"rendered":"TIKI TIKI TURQUOISE BLUE knotted Fetish &#8211; Pure silk twill bracelet"},"content":{"rendered":"<p style=\"text-align: center;\">Caroline Basuyau was inspired by Wax, the multicoloured fabrics used to make African boubous. On the front of the F\u00e9tiche to tie, you&#8217;ll find a magnificent turquoise applat printed with the Maison F\u00e9tiche label. On the reverse, a succession of the main element of the Maison F\u00e9tiche logo, the tiki, forms a multicoloured weft like a Wax. Caroline has revisited the graphics of the traditional Wax, adding a touch of French elegance. The result is a sober and refined silk twill headband, full of exoticism, for everyday wear.<\/p>\n<p style=\"text-align: center;\">Suggested presentation.<\/p>\n<span class=\"et_bloom_bottom_trigger\"><\/span>","protected":false},"excerpt":{"rendered":"<p><strong>Ribbon printed differently on 2 sides<\/strong><br \/>\n<strong>100% silk twill<\/strong><br \/>\n<strong>Made in France<\/strong><br \/>\n<strong>Size : 68 x 4 cm \/ 26,77 x 1,57 inch<\/strong><\/p>\n<p>On the front side: A pretty turquoise reminiscent of the South Seas.<br \/>\nOn the reverse side:\u00a0d\u2019inspiration Wax africaine est fait d\u2019une succession de \u00ab tikis \u00bb Maison F\u00e9tiche multicolores.<br \/>\nLa d\u00e9licatesse des traits apportent une touche de fraicheur et d\u2019\u00e9l\u00e9gance.<\/p>\n<p><strong>You will love it :<\/strong><br \/>\n<strong>&#8211; The freshness of its turquoise blue colour<\/strong><br \/>\n<strong>&#8211; Its &#8220;jewelry&#8221; storage case<\/strong><br \/>\n<strong>&#8211; The beveled cut at the ends of the ribbon<\/strong><br \/>\n<strong>&#8211; Its handmade finish made by our little hands in France<\/strong><\/p>\n<p>In order to combine tradition, know-how and creativity, Maison F\u00e9tiche went to the best French luxury workshops to offer you this silk bracelet of unbeatable quality.<\/p>\n<p>Advice &amp; Care :<br \/>\nLike nature, your Maison F\u00e9tiche silk accessory is fragile. Keep it flat and untied in the box provided. Avoid any contact with rain or chemicals. It is best to have it cleaned by a professional.<\/p>\n","protected":false},"featured_media":8020,"comment_status":"closed","ping_status":"closed","template":"","meta":{"_acf_changed":false,"_et_pb_use_builder":"","_et_pb_old_content":"","_et_gb_content_width":""},"product_brand":[],"product_cat":[105,104],"product_tag":[],"class_list":{"0":"post-8016","1":"product","2":"type-product","3":"status-publish","4":"has-post-thumbnail","6":"product_cat-knotted-fetishes-en","7":"product_cat-knotted-fetishes","9":"first","10":"instock","11":"featured","12":"taxable","13":"shipping-taxable","14":"purchasable","15":"product-type-simple"},"acf":[],"_links":{"self":[{"href":"https:\/\/maisonfetiche.com\/en\/wp-json\/wp\/v2\/product\/8016","targetHints":{"allow":["GET"]}}],"collection":[{"href":"https:\/\/maisonfetiche.com\/en\/wp-json\/wp\/v2\/product"}],"about":[{"href":"https:\/\/maisonfetiche.com\/en\/wp-json\/wp\/v2\/types\/product"}],"replies":[{"embeddable":true,"href":"https:\/\/maisonfetiche.com\/en\/wp-json\/wp\/v2\/comments?post=8016"}],"wp:featuredmedia":[{"embeddable":true,"href":"https:\/\/maisonfetiche.com\/en\/wp-json\/wp\/v2\/media\/8020"}],"wp:attachment":[{"href":"https:\/\/maisonfetiche.com\/en\/wp-json\/wp\/v2\/media?parent=8016"}],"wp:term":[{"taxonomy":"product_brand","embeddable":true,"href":"https:\/\/maisonfetiche.com\/en\/wp-json\/wp\/v2\/product_brand?post=8016"},{"taxonomy":"product_cat","embeddable":true,"href":"https:\/\/maisonfetiche.com\/en\/wp-json\/wp\/v2\/product_cat?post=8016"},{"taxonomy":"product_tag","embeddable":true,"href":"https:\/\/maisonfetiche.com\/en\/wp-json\/wp\/v2\/product_tag?post=8016"}],"curies":[{"name":"wp","href":"https:\/\/api.w.org\/{rel}","templated":true}]}}