{"id":2101,"date":"2019-11-20T15:52:23","date_gmt":"2019-11-21T13:21:16","guid":{"rendered":"https:\/\/maisonfetiche.com\/?post_type=product&#038;p=2101"},"modified":"2023-01-02T08:48:28","modified_gmt":"2023-01-02T08:48:28","slug":"coffret-duo-espiegle-1-carre-de-soie-90-1-pochette-de-soie-30","status":"publish","type":"product","link":"https:\/\/maisonfetiche.com\/en\/produit\/coffret-duo-espiegle-1-carre-de-soie-90-1-pochette-de-soie-30\/","title":{"rendered":"\u00abDuo\u00bb Mischievous gift set &#8211; 1 Scarf in silk twill + 1 Men\u2019s pocket squares"},"content":{"rendered":"<p>This silk twill square is inspired by a work by Caroline Basuyau, it shows three toucans communicating with each other, it&#8217;s euphoria, there&#8217;s noise everywhere. The use of a wide range of blue and in the background, the white dots on a blue background are there to indicate the temporality of the scene, probably at twilight, that period when some lie down and others get up, the moment when anything can happen. There is often a form of apprehension when dusk falls, very often the children are rowdy and boisterous&#8230; Then nothing, silence, rest.<br \/>\nThe background pattern with Polynesian flowers is a recurrence of Caroline Basuyau&#8217;s works, it is the affirmation of a strong attachment to these territories made of exotic and paradisiacal islands.<\/p>\n<p>Suggested presentation.<\/p>\n<span class=\"et_bloom_bottom_trigger\"><\/span>","protected":false},"excerpt":{"rendered":"<p>Duo Scarf and men\u2019s pocket square<\/p>\n<p>100% silk twill<\/p>\n<p>Made by French artisans<\/p>\n<p>Caroline Basuyau was inspired by the privileged and unfailing complicity she has with her husband to offer you this beautiful Duo gift set.<\/p>\n<p>In order to combine tradition, know-how and creativity, Maison F\u00e9tiche has collaborated with the best French luxury clothing workshops to offer you this beautiful scarf of unbeatable quality that will make you an elegant and bold woman. <a href=\"https:\/\/maisonfetiche.com\/made-in-french\/?lang=en\"><span style=\"text-decoration: underline\">More&#8230;<\/span><\/a><\/p>\n<p>Maison F\u00e9tiche proposes you to act through it for the preservation of the planet : thus, when purchasing your silk twill scarf, one euro will be given to a foundation that works for nature and the well-being of man. <a href=\"https:\/\/maisonfetiche.com\/our-commitment-for-the-planet\/?lang=en\"><span style=\"text-decoration: underline\">More&#8230;<\/span><\/a><\/p>\n<p>Size : 90 x 90 cm 30 x 30 cm \/ 35,43 x 35,43 in 11,81 x 11,81 in<\/p>\n<p>Advice &amp; Maintenance : A l\u2019instar de la nature, votre accessoire de soie Maison F\u00e9tiche est fragile. Conservez-le plat et d\u00e9nou\u00e9 dans la boite pr\u00e9vue \u00e0 cet effet. \u00c9vitez tout contact avec la pluie ou les produits chimiques. Confiez de pr\u00e9f\u00e9rence le nettoyage \u00e0 un professionnel sp\u00e9cialis\u00e9. Cependant, vous pouvez proc\u00e9der vous-m\u00eame au lavage de votre accessoire de soie Maison F\u00e9tiche \u00e0 l\u2019eau claire sans frottements intempestifs et sans produits chimiques, puis le laisser s\u00e9cher plat sur un \u00e9tendoir.<\/p>\n","protected":false},"featured_media":5748,"comment_status":"open","ping_status":"closed","template":"","meta":{"_acf_changed":false,"_et_pb_use_builder":"","_et_pb_old_content":"","_et_gb_content_width":""},"product_brand":[],"product_cat":[117],"product_tag":[],"class_list":{"0":"post-2101","1":"product","2":"type-product","3":"status-publish","4":"has-post-thumbnail","6":"product_cat-duo-gift-set","7":"product_shipping_class-jewelry","9":"first","10":"instock","11":"taxable","12":"shipping-taxable","13":"purchasable","14":"product-type-simple"},"acf":[],"_links":{"self":[{"href":"https:\/\/maisonfetiche.com\/en\/wp-json\/wp\/v2\/product\/2101","targetHints":{"allow":["GET"]}}],"collection":[{"href":"https:\/\/maisonfetiche.com\/en\/wp-json\/wp\/v2\/product"}],"about":[{"href":"https:\/\/maisonfetiche.com\/en\/wp-json\/wp\/v2\/types\/product"}],"replies":[{"embeddable":true,"href":"https:\/\/maisonfetiche.com\/en\/wp-json\/wp\/v2\/comments?post=2101"}],"wp:featuredmedia":[{"embeddable":true,"href":"https:\/\/maisonfetiche.com\/en\/wp-json\/wp\/v2\/media\/5748"}],"wp:attachment":[{"href":"https:\/\/maisonfetiche.com\/en\/wp-json\/wp\/v2\/media?parent=2101"}],"wp:term":[{"taxonomy":"product_brand","embeddable":true,"href":"https:\/\/maisonfetiche.com\/en\/wp-json\/wp\/v2\/product_brand?post=2101"},{"taxonomy":"product_cat","embeddable":true,"href":"https:\/\/maisonfetiche.com\/en\/wp-json\/wp\/v2\/product_cat?post=2101"},{"taxonomy":"product_tag","embeddable":true,"href":"https:\/\/maisonfetiche.com\/en\/wp-json\/wp\/v2\/product_tag?post=2101"}],"curies":[{"name":"wp","href":"https:\/\/api.w.org\/{rel}","templated":true}]}}